{"id":2038625,"date":"2026-02-04T07:52:29","date_gmt":"2026-02-04T07:52:29","guid":{"rendered":"https:\/\/www.kalmabio.com\/?post_type=product&#038;p=2038625"},"modified":"2026-02-12T07:26:24","modified_gmt":"2026-02-12T07:26:24","slug":"champu-uso-frecuente-de-essabo","status":"publish","type":"product","link":"https:\/\/www.kalmabio.com\/es\/producto\/champu-uso-frecuente-de-essabo\/","title":{"rendered":"Champ\u00fa Uso Frecuente de Essab\u00f3"},"content":{"rendered":"<p><strong>Essab\u00f3 champ\u00fa uso frecuente<\/strong>\u00a0es un champ\u00fa s\u00f3lido 100%\u00a0<strong>natural ideal para el d\u00eda a d\u00eda de todo tipo de cabellos<\/strong>. Su f\u00f3rmula, enriquecida con aceite de ricino, manteca de mango y aceite de oliva, deja un pelo limpio y bonito, reduciendo el frizz.<\/p>\n<p>Est\u00e1 elaborado con\u00a0<strong>acondicionadores naturales<\/strong>\u00a0a base de carbohidratos y\u00a0<strong>aceites de origen vegetal<\/strong>, tensioactivos vegetales con\u00a0<strong>gran poder limpiador y espumante,<\/strong>\u00a0y principios activos que favorecen el peinado, dan brillo, volumen y movilidad al pelo.<\/p>\n<p>Enriquecido con\u00a0<strong>aceite de ricino, manteca de mango y aceite de oliva.<\/strong><\/p>\n<ul>\n<li><strong>El\u00a0aceite de ricino<\/strong>, gracias a su alto contenido en \u00e1cido ricinoleico, mejora la circulaci\u00f3n del cuero cabelludo, fortaleciendo el cabello y ayudando a reducir su rotura. Adem\u00e1s, es un buen humectante, haciendo que el pelo sea menos propenso a partirse por las puntas.<\/li>\n<li><strong>La<\/strong>\u00a0<strong>manteca de mango<\/strong>\u00a0hidrata y nutre el pelo en profundidad. Adem\u00e1s, gracias a sus propiedades emolientes, ayuda a aportar suavidad al cabello d\u00e1ndole un aspecto m\u00e1s sedoso y con una mayor vitalidad. Su contenido en \u00e1cidos grasos protege el cabello del da\u00f1o ambiental.<\/li>\n<li><strong>El\u00a0aceite de oliva<\/strong>\u00a0ayuda a que el pelo nazca con brillo, se mantenga sedoso nutri\u00e9ndolo y repar\u00e1ndolo. Proporcionando un aspecto de pelo brillante sin frizz.<\/li>\n<\/ul>\n<p>Formulado con tensioactivos vegetales con\u00a0<strong>gran poder\u00a0limpiador y espumante.<\/strong><\/p>\n<p><strong>Modo de empleo: <\/strong>Desliza la pastilla de champ\u00fa sobre el pelo mojado hasta conseguir espuma o haz espuma primero entre las manos y apl\u00edcala. Masajea con suavidad y disfruta de su cremosa espuma. Enjuaga con abundante agua. Aseg\u00farate que no quede resto de champ\u00fa. Con una aplicaci\u00f3n es suficiente, pero si lo consideras necesario o eres de doble aclarado\u2026\u00a1Repite!<\/p>\n<p><strong>Ingredientes:\u00a0<\/strong>sodium coco sulfate, oryza sativa seed powder*, cetearyl alcohol, aqua, myristyl myristate, disodium coco-glucoside citrate, mangifera indica seed butter, ricinus communis seed oil, parfum, olea europaea fruit oil*, citric acid, glycerin, tocopherol, curcuma longa powder*, CI77491, CI77499, limonene**<\/p>\n<p>*Ingredientes procedentes de la agricultura ecol\u00f3gica.<\/p>\n<p>**Componentes naturales de los aceites esenciales.<\/p>\n<p><strong>Presentaci\u00f3n:\u00a0<\/strong>100gr<\/p>\n<p><img decoding=\"async\" class=\"alignnone size-full wp-image-2025332 lazyloaded\" src=\"https:\/\/www.kalmabio.com\/wp-content\/uploads\/2020\/03\/vector-vegan-food-icon-c%C3%B2pia-1.jpg\" alt=\"\" width=\"124\" height=\"124\" data-src=\"https:\/\/www.kalmabio.com\/wp-content\/uploads\/2020\/03\/vector-vegan-food-icon-c\u00f2pia-1.jpg\" data-srcset=\"https:\/\/www.kalmabio.com\/wp-content\/uploads\/2020\/03\/vector-vegan-food-icon-c\u00f2pia-1.jpg 124w, https:\/\/www.kalmabio.com\/wp-content\/uploads\/2020\/03\/vector-vegan-food-icon-c\u00f2pia-1-100x100.jpg 100w\" data-sizes=\"(max-width: 124px) 100vw, 124px\" \/>\u00a0<img decoding=\"async\" class=\"alignnone size-full wp-image-2025322 lazyloaded\" src=\"https:\/\/www.kalmabio.com\/wp-content\/uploads\/2020\/04\/zero-waste-c%C3%B2pia-1.jpg\" alt=\"\" width=\"124\" height=\"124\" data-src=\"https:\/\/www.kalmabio.com\/wp-content\/uploads\/2020\/04\/zero-waste-c\u00f2pia-1.jpg\" data-srcset=\"https:\/\/www.kalmabio.com\/wp-content\/uploads\/2020\/04\/zero-waste-c\u00f2pia-1.jpg 124w, https:\/\/www.kalmabio.com\/wp-content\/uploads\/2020\/04\/zero-waste-c\u00f2pia-1-100x100.jpg 100w\" data-sizes=\"(max-width: 124px) 100vw, 124px\" \/><img decoding=\"async\" data-src=\"https:\/\/essabo.com\/wp2020\/wp-content\/uploads\/2021\/07\/NATRUE_LA_R-Convertido-300x300.png\" width=\"89\" height=\"191\" data-pagespeed-url-hash=\"1058071935\" src=\"data:image\/gif;base64,R0lGODlhAQABAAAAACH5BAEKAAEALAAAAAABAAEAAAICTAEAOw==\" class=\"lazyload\" style=\"--smush-placeholder-width: 89px; --smush-placeholder-aspect-ratio: 89\/191;\" \/><\/p>\n<p>&nbsp;<\/p>\n","protected":false},"excerpt":{"rendered":"<p>Champ\u00fa s\u00f3lido para uso frecuente<\/p>\n","protected":false},"featured_media":2038627,"template":"","meta":[],"pwb-brand":[37],"product_brand":[],"product_cat":[33],"product_tag":[450,177,160,535,178],"class_list":{"0":"post-2038625","1":"product","2":"type-product","3":"status-publish","4":"has-post-thumbnail","6":"pwb-brand-essabo","7":"product_cat-cuidado-cabello","8":"product_tag-aceite-de-oliva","9":"product_tag-certificado","10":"product_tag-champu","11":"product_tag-champu-solido","12":"product_tag-vegano","13":"product_shipping_class-002-es","15":"first","16":"instock","17":"taxable","18":"shipping-taxable","19":"purchasable","20":"product-type-simple"},"yoast_head":"<!-- This site is optimized with the Yoast SEO plugin v24.6 - https:\/\/yoast.com\/wordpress\/plugins\/seo\/ -->\n<title>Champ\u00fa Uso Frecuente de Essab\u00f3 - Kalmabio<\/title>\n<meta name=\"robots\" content=\"index, follow, max-snippet:-1, max-image-preview:large, max-video-preview:-1\" \/>\n<link rel=\"canonical\" href=\"https:\/\/www.kalmabio.com\/es\/producto\/champu-uso-frecuente-de-essabo\/\" \/>\n<meta property=\"og:locale\" content=\"es_ES\" \/>\n<meta property=\"og:type\" content=\"article\" \/>\n<meta property=\"og:title\" content=\"Champ\u00fa Uso Frecuente de Essab\u00f3 - Kalmabio\" \/>\n<meta property=\"og:description\" content=\"Champ\u00fa s\u00f3lido para uso frecuente\" \/>\n<meta property=\"og:url\" content=\"https:\/\/www.kalmabio.com\/es\/producto\/champu-uso-frecuente-de-essabo\/\" \/>\n<meta property=\"og:site_name\" content=\"Kalmabio\" \/>\n<meta property=\"article:modified_time\" content=\"2026-02-12T07:26:24+00:00\" \/>\n<meta property=\"og:image\" content=\"https:\/\/www.kalmabio.com\/wp-content\/uploads\/2026\/02\/champu-uso-frecuente.jpg\" \/>\n\t<meta property=\"og:image:width\" content=\"600\" \/>\n\t<meta property=\"og:image:height\" content=\"600\" \/>\n\t<meta property=\"og:image:type\" content=\"image\/jpeg\" \/>\n<meta name=\"twitter:card\" content=\"summary_large_image\" \/>\n<meta name=\"twitter:label1\" content=\"Tiempo de lectura\" \/>\n\t<meta name=\"twitter:data1\" content=\"3 minutos\" \/>\n<script type=\"application\/ld+json\" class=\"yoast-schema-graph\">{\"@context\":\"https:\/\/schema.org\",\"@graph\":[{\"@type\":\"WebPage\",\"@id\":\"https:\/\/www.kalmabio.com\/es\/producto\/champu-uso-frecuente-de-essabo\/\",\"url\":\"https:\/\/www.kalmabio.com\/es\/producto\/champu-uso-frecuente-de-essabo\/\",\"name\":\"Champ\u00fa Uso Frecuente de Essab\u00f3 - Kalmabio\",\"isPartOf\":{\"@id\":\"https:\/\/www.kalmabio.com\/es\/#website\"},\"primaryImageOfPage\":{\"@id\":\"https:\/\/www.kalmabio.com\/es\/producto\/champu-uso-frecuente-de-essabo\/#primaryimage\"},\"image\":{\"@id\":\"https:\/\/www.kalmabio.com\/es\/producto\/champu-uso-frecuente-de-essabo\/#primaryimage\"},\"thumbnailUrl\":\"https:\/\/www.kalmabio.com\/wp-content\/uploads\/2026\/02\/champu-uso-frecuente.jpg\",\"datePublished\":\"2026-02-04T07:52:29+00:00\",\"dateModified\":\"2026-02-12T07:26:24+00:00\",\"breadcrumb\":{\"@id\":\"https:\/\/www.kalmabio.com\/es\/producto\/champu-uso-frecuente-de-essabo\/#breadcrumb\"},\"inLanguage\":\"es\",\"potentialAction\":[{\"@type\":\"ReadAction\",\"target\":[\"https:\/\/www.kalmabio.com\/es\/producto\/champu-uso-frecuente-de-essabo\/\"]}]},{\"@type\":\"ImageObject\",\"inLanguage\":\"es\",\"@id\":\"https:\/\/www.kalmabio.com\/es\/producto\/champu-uso-frecuente-de-essabo\/#primaryimage\",\"url\":\"https:\/\/www.kalmabio.com\/wp-content\/uploads\/2026\/02\/champu-uso-frecuente.jpg\",\"contentUrl\":\"https:\/\/www.kalmabio.com\/wp-content\/uploads\/2026\/02\/champu-uso-frecuente.jpg\",\"width\":600,\"height\":600},{\"@type\":\"BreadcrumbList\",\"@id\":\"https:\/\/www.kalmabio.com\/es\/producto\/champu-uso-frecuente-de-essabo\/#breadcrumb\",\"itemListElement\":[{\"@type\":\"ListItem\",\"position\":1,\"name\":\"Inici\",\"item\":\"https:\/\/www.kalmabio.com\/es\/\"},{\"@type\":\"ListItem\",\"position\":2,\"name\":\"Productos\",\"item\":\"https:\/\/www.kalmabio.com\/es\/shop\/\"},{\"@type\":\"ListItem\",\"position\":3,\"name\":\"Champ\u00fa Uso Frecuente de Essab\u00f3\"}]},{\"@type\":\"WebSite\",\"@id\":\"https:\/\/www.kalmabio.com\/es\/#website\",\"url\":\"https:\/\/www.kalmabio.com\/es\/\",\"name\":\"Kalmabio\",\"description\":\"Tienda online de cosm\u00e9tica natural\",\"publisher\":{\"@id\":\"https:\/\/www.kalmabio.com\/es\/#organization\"},\"potentialAction\":[{\"@type\":\"SearchAction\",\"target\":{\"@type\":\"EntryPoint\",\"urlTemplate\":\"https:\/\/www.kalmabio.com\/es\/?s={search_term_string}\"},\"query-input\":{\"@type\":\"PropertyValueSpecification\",\"valueRequired\":true,\"valueName\":\"search_term_string\"}}],\"inLanguage\":\"es\"},{\"@type\":\"Organization\",\"@id\":\"https:\/\/www.kalmabio.com\/es\/#organization\",\"name\":\"Kalmabio, cosm\u00e9tica natural\",\"url\":\"https:\/\/www.kalmabio.com\/es\/\",\"logo\":{\"@type\":\"ImageObject\",\"inLanguage\":\"es\",\"@id\":\"https:\/\/www.kalmabio.com\/es\/#\/schema\/logo\/image\/\",\"url\":\"https:\/\/www.kalmabio.com\/wp-content\/uploads\/2020\/01\/kalmabio-logo-350x197-1-e1583193086718.png\",\"contentUrl\":\"https:\/\/www.kalmabio.com\/wp-content\/uploads\/2020\/01\/kalmabio-logo-350x197-1-e1583193086718.png\",\"width\":180,\"height\":101,\"caption\":\"Kalmabio, cosm\u00e9tica natural\"},\"image\":{\"@id\":\"https:\/\/www.kalmabio.com\/es\/#\/schema\/logo\/image\/\"}}]}<\/script>\n<!-- \/ Yoast SEO plugin. -->","yoast_head_json":{"title":"Champ\u00fa Uso Frecuente de Essab\u00f3 - Kalmabio","robots":{"index":"index","follow":"follow","max-snippet":"max-snippet:-1","max-image-preview":"max-image-preview:large","max-video-preview":"max-video-preview:-1"},"canonical":"https:\/\/www.kalmabio.com\/es\/producto\/champu-uso-frecuente-de-essabo\/","og_locale":"es_ES","og_type":"article","og_title":"Champ\u00fa Uso Frecuente de Essab\u00f3 - Kalmabio","og_description":"Champ\u00fa s\u00f3lido para uso frecuente","og_url":"https:\/\/www.kalmabio.com\/es\/producto\/champu-uso-frecuente-de-essabo\/","og_site_name":"Kalmabio","article_modified_time":"2026-02-12T07:26:24+00:00","og_image":[{"width":600,"height":600,"url":"https:\/\/www.kalmabio.com\/wp-content\/uploads\/2026\/02\/champu-uso-frecuente.jpg","type":"image\/jpeg"}],"twitter_card":"summary_large_image","twitter_misc":{"Tiempo de lectura":"3 minutos"},"schema":{"@context":"https:\/\/schema.org","@graph":[{"@type":"WebPage","@id":"https:\/\/www.kalmabio.com\/es\/producto\/champu-uso-frecuente-de-essabo\/","url":"https:\/\/www.kalmabio.com\/es\/producto\/champu-uso-frecuente-de-essabo\/","name":"Champ\u00fa Uso Frecuente de Essab\u00f3 - Kalmabio","isPartOf":{"@id":"https:\/\/www.kalmabio.com\/es\/#website"},"primaryImageOfPage":{"@id":"https:\/\/www.kalmabio.com\/es\/producto\/champu-uso-frecuente-de-essabo\/#primaryimage"},"image":{"@id":"https:\/\/www.kalmabio.com\/es\/producto\/champu-uso-frecuente-de-essabo\/#primaryimage"},"thumbnailUrl":"https:\/\/www.kalmabio.com\/wp-content\/uploads\/2026\/02\/champu-uso-frecuente.jpg","datePublished":"2026-02-04T07:52:29+00:00","dateModified":"2026-02-12T07:26:24+00:00","breadcrumb":{"@id":"https:\/\/www.kalmabio.com\/es\/producto\/champu-uso-frecuente-de-essabo\/#breadcrumb"},"inLanguage":"es","potentialAction":[{"@type":"ReadAction","target":["https:\/\/www.kalmabio.com\/es\/producto\/champu-uso-frecuente-de-essabo\/"]}]},{"@type":"ImageObject","inLanguage":"es","@id":"https:\/\/www.kalmabio.com\/es\/producto\/champu-uso-frecuente-de-essabo\/#primaryimage","url":"https:\/\/www.kalmabio.com\/wp-content\/uploads\/2026\/02\/champu-uso-frecuente.jpg","contentUrl":"https:\/\/www.kalmabio.com\/wp-content\/uploads\/2026\/02\/champu-uso-frecuente.jpg","width":600,"height":600},{"@type":"BreadcrumbList","@id":"https:\/\/www.kalmabio.com\/es\/producto\/champu-uso-frecuente-de-essabo\/#breadcrumb","itemListElement":[{"@type":"ListItem","position":1,"name":"Inici","item":"https:\/\/www.kalmabio.com\/es\/"},{"@type":"ListItem","position":2,"name":"Productos","item":"https:\/\/www.kalmabio.com\/es\/shop\/"},{"@type":"ListItem","position":3,"name":"Champ\u00fa Uso Frecuente de Essab\u00f3"}]},{"@type":"WebSite","@id":"https:\/\/www.kalmabio.com\/es\/#website","url":"https:\/\/www.kalmabio.com\/es\/","name":"Kalmabio","description":"Tienda online de cosm\u00e9tica natural","publisher":{"@id":"https:\/\/www.kalmabio.com\/es\/#organization"},"potentialAction":[{"@type":"SearchAction","target":{"@type":"EntryPoint","urlTemplate":"https:\/\/www.kalmabio.com\/es\/?s={search_term_string}"},"query-input":{"@type":"PropertyValueSpecification","valueRequired":true,"valueName":"search_term_string"}}],"inLanguage":"es"},{"@type":"Organization","@id":"https:\/\/www.kalmabio.com\/es\/#organization","name":"Kalmabio, cosm\u00e9tica natural","url":"https:\/\/www.kalmabio.com\/es\/","logo":{"@type":"ImageObject","inLanguage":"es","@id":"https:\/\/www.kalmabio.com\/es\/#\/schema\/logo\/image\/","url":"https:\/\/www.kalmabio.com\/wp-content\/uploads\/2020\/01\/kalmabio-logo-350x197-1-e1583193086718.png","contentUrl":"https:\/\/www.kalmabio.com\/wp-content\/uploads\/2020\/01\/kalmabio-logo-350x197-1-e1583193086718.png","width":180,"height":101,"caption":"Kalmabio, cosm\u00e9tica natural"},"image":{"@id":"https:\/\/www.kalmabio.com\/es\/#\/schema\/logo\/image\/"}}]}},"brands":[{"id":37,"name":"ESSAB\u00d3","slug":"essabo"}],"_links":{"self":[{"href":"https:\/\/www.kalmabio.com\/es\/wp-json\/wp\/v2\/product\/2038625","targetHints":{"allow":["GET"]}}],"collection":[{"href":"https:\/\/www.kalmabio.com\/es\/wp-json\/wp\/v2\/product"}],"about":[{"href":"https:\/\/www.kalmabio.com\/es\/wp-json\/wp\/v2\/types\/product"}],"version-history":[{"count":2,"href":"https:\/\/www.kalmabio.com\/es\/wp-json\/wp\/v2\/product\/2038625\/revisions"}],"predecessor-version":[{"id":2038634,"href":"https:\/\/www.kalmabio.com\/es\/wp-json\/wp\/v2\/product\/2038625\/revisions\/2038634"}],"wp:featuredmedia":[{"embeddable":true,"href":"https:\/\/www.kalmabio.com\/es\/wp-json\/wp\/v2\/media\/2038627"}],"wp:attachment":[{"href":"https:\/\/www.kalmabio.com\/es\/wp-json\/wp\/v2\/media?parent=2038625"}],"wp:term":[{"taxonomy":"pwb-brand","embeddable":true,"href":"https:\/\/www.kalmabio.com\/es\/wp-json\/wp\/v2\/pwb-brand?post=2038625"},{"taxonomy":"product_brand","embeddable":true,"href":"https:\/\/www.kalmabio.com\/es\/wp-json\/wp\/v2\/product_brand?post=2038625"},{"taxonomy":"product_cat","embeddable":true,"href":"https:\/\/www.kalmabio.com\/es\/wp-json\/wp\/v2\/product_cat?post=2038625"},{"taxonomy":"product_tag","embeddable":true,"href":"https:\/\/www.kalmabio.com\/es\/wp-json\/wp\/v2\/product_tag?post=2038625"}],"curies":[{"name":"wp","href":"https:\/\/api.w.org\/{rel}","templated":true}]}}