{"id":2038013,"date":"2025-07-24T12:05:27","date_gmt":"2025-07-24T12:05:27","guid":{"rendered":"https:\/\/www.kalmabio.com\/?post_type=product&#038;p=2038013"},"modified":"2026-01-19T12:17:35","modified_gmt":"2026-01-19T12:17:35","slug":"pack-desengrasante-de-natulim","status":"publish","type":"product","link":"https:\/\/www.kalmabio.com\/es\/producto\/pack-desengrasante-de-natulim\/","title":{"rendered":"Pack Desengrasante de Natulim"},"content":{"rendered":"<p>Un aliado perfecto.<\/p>\n<p>\u00dasalo diariamente en tu cocina para dejarla libre de grasa e impecable como el primer d\u00eda.<\/p>\n<p>Encimeras, campanas, hornos, vitrocer\u00e1micas&#8230; Puedes usarlo en un sinf\u00edn de rincones en los que quieras acabar con ese tacto grasiento tan indeseado.<\/p>\n<h3>\u00a1Acaba con esa grasilla pegajosa con un pulverizado!<\/h3>\n<h2 class=\"rich-text__heading rte inline-richtext h1 scroll-trigger animate--slide-in\" data-cascade=\"\">\u00bfQu\u00e9 incluye el pack?<\/h2>\n<p>Siguiendo nuestro compromiso de reducir el pl\u00e1stico de un solo uso, con este Pack comprar\u00e1s una \u00fanica botella que podr\u00e1s usar tantas veces como necesites.<\/p>\n<p>El activo desengrasante se presenta en formato polvo dentro de un sobre que podr\u00e1s verter dentro de la botella junto con agua.<\/p>\n<h2 class=\"image-with-text__heading inline-richtext h1\">El m\u00e1s usado y necesario<\/h2>\n<div class=\"image-with-text__text rte body\">\n<p>Te vamos a sorpender.<br \/>\nNo pienses \u00fanicamente en la cocina.<\/p>\n<p>Sirve para multitud de superficies como fogones o encimeras, vitrocer\u00e1micas, microondas, batidoras, etc.<\/p>\n<p>\u00a1Pero incluso para limpiar carrocer\u00eda de coches, bicicletas o patinetes el\u00e9ctricos! En un sinf\u00edn de rincones. All\u00e1 donde lo necesites.<\/p>\n<p><strong>GARANT\u00cdA CERTIFICADO ECOCERT<\/strong><\/p>\n<p>La garant\u00eda del sello ECOCERT certifica que adem\u00e1s de hacer una limpieza eficiente, cuidas, proteges y respetas el medio ambiente.<\/p>\n<h3>\u00a1<strong>Enhorabuena por sumarte al cambio<\/strong>\u00a0y usar productos de origen natural!<\/h3>\n<h2 class=\"image-with-text__heading inline-richtext h1\">C\u00f3mo usar<\/h2>\n<div class=\"image-with-text__text rte body\">\n<p>1. Llena tu botella con 500ml de agua caliente (aprox 40\u00ba).<\/p>\n<p>2. Vierte el contenido del sobre dentro.<\/p>\n<p>3. Agita para que se diluya la mezcla.<\/p>\n<p>4. Espera 2-3 minutos.<\/p>\n<p>5. \u00a1Listo para pulverizar!<\/p>\n<p><strong>Ingredientes:\u00a0<\/strong>Sodium Carbonate Sodium Lauryl Sulphate Alanine, N,N-bis(carboxymethyl)-, sodium salt (1:3) Sodium Benzoate<\/p>\n<p><strong>Presentaci\u00f3n:\u00a0<\/strong>1 botella 100% reciclada + 2 sobres de producto<\/p>\n<p><img decoding=\"async\" class=\"alignnone size-full wp-image-2025980 ls-is-cached lazyloaded\" src=\"https:\/\/www.kalmabio.com\/wp-content\/uploads\/2020\/02\/ecocert-c%C3%B2pia-1.jpg\" alt=\"\" width=\"165\" height=\"124\" data-src=\"https:\/\/www.kalmabio.com\/wp-content\/uploads\/2020\/02\/ecocert-c\u00f2pia-1.jpg\" \/><\/p>\n<\/div>\n<\/div>\n","protected":false},"excerpt":{"rendered":"<p>Desengrasante formato polvo con botella para usos infinitos.<\/p>\n","protected":false},"featured_media":2038015,"template":"","meta":[],"pwb-brand":[1277],"product_brand":[],"product_cat":[807],"product_tag":[177,1457,1450,620,178,800],"class_list":{"0":"post-2038013","1":"product","2":"type-product","3":"status-publish","4":"has-post-thumbnail","6":"pwb-brand-natulim-es","7":"product_cat-cocina","8":"product_tag-certificado","9":"product_tag-desengrasante","10":"product_tag-limpiador","11":"product_tag-sin-toxicos","12":"product_tag-vegano","13":"product_tag-zero-waste","14":"product_shipping_class-002-es","16":"first","17":"instock","18":"taxable","19":"shipping-taxable","20":"purchasable","21":"product-type-simple"},"yoast_head":"<!-- This site is optimized with the Yoast SEO plugin v24.6 - https:\/\/yoast.com\/wordpress\/plugins\/seo\/ -->\n<title>Pack Desengrasante de Natulim - Kalmabio<\/title>\n<meta name=\"robots\" content=\"index, follow, max-snippet:-1, max-image-preview:large, max-video-preview:-1\" \/>\n<link rel=\"canonical\" href=\"https:\/\/www.kalmabio.com\/es\/producto\/pack-desengrasante-de-natulim\/\" \/>\n<meta property=\"og:locale\" content=\"es_ES\" \/>\n<meta property=\"og:type\" content=\"article\" \/>\n<meta property=\"og:title\" content=\"Pack Desengrasante de Natulim - Kalmabio\" \/>\n<meta property=\"og:description\" content=\"Desengrasante formato polvo con botella para usos infinitos.\" \/>\n<meta property=\"og:url\" content=\"https:\/\/www.kalmabio.com\/es\/producto\/pack-desengrasante-de-natulim\/\" \/>\n<meta property=\"og:site_name\" content=\"Kalmabio\" \/>\n<meta property=\"article:modified_time\" content=\"2026-01-19T12:17:35+00:00\" \/>\n<meta property=\"og:image\" content=\"https:\/\/www.kalmabio.com\/wp-content\/uploads\/2025\/07\/PACK-DESENGRASANTE.webp\" \/>\n\t<meta property=\"og:image:width\" content=\"600\" \/>\n\t<meta property=\"og:image:height\" content=\"600\" \/>\n\t<meta property=\"og:image:type\" content=\"image\/webp\" \/>\n<meta name=\"twitter:card\" content=\"summary_large_image\" \/>\n<meta name=\"twitter:label1\" content=\"Tiempo de lectura\" \/>\n\t<meta name=\"twitter:data1\" content=\"2 minutos\" \/>\n<script type=\"application\/ld+json\" class=\"yoast-schema-graph\">{\"@context\":\"https:\/\/schema.org\",\"@graph\":[{\"@type\":\"WebPage\",\"@id\":\"https:\/\/www.kalmabio.com\/es\/producto\/pack-desengrasante-de-natulim\/\",\"url\":\"https:\/\/www.kalmabio.com\/es\/producto\/pack-desengrasante-de-natulim\/\",\"name\":\"Pack Desengrasante de Natulim - Kalmabio\",\"isPartOf\":{\"@id\":\"https:\/\/www.kalmabio.com\/es\/#website\"},\"primaryImageOfPage\":{\"@id\":\"https:\/\/www.kalmabio.com\/es\/producto\/pack-desengrasante-de-natulim\/#primaryimage\"},\"image\":{\"@id\":\"https:\/\/www.kalmabio.com\/es\/producto\/pack-desengrasante-de-natulim\/#primaryimage\"},\"thumbnailUrl\":\"https:\/\/www.kalmabio.com\/wp-content\/uploads\/2025\/07\/PACK-DESENGRASANTE.webp\",\"datePublished\":\"2025-07-24T12:05:27+00:00\",\"dateModified\":\"2026-01-19T12:17:35+00:00\",\"breadcrumb\":{\"@id\":\"https:\/\/www.kalmabio.com\/es\/producto\/pack-desengrasante-de-natulim\/#breadcrumb\"},\"inLanguage\":\"es\",\"potentialAction\":[{\"@type\":\"ReadAction\",\"target\":[\"https:\/\/www.kalmabio.com\/es\/producto\/pack-desengrasante-de-natulim\/\"]}]},{\"@type\":\"ImageObject\",\"inLanguage\":\"es\",\"@id\":\"https:\/\/www.kalmabio.com\/es\/producto\/pack-desengrasante-de-natulim\/#primaryimage\",\"url\":\"https:\/\/www.kalmabio.com\/wp-content\/uploads\/2025\/07\/PACK-DESENGRASANTE.webp\",\"contentUrl\":\"https:\/\/www.kalmabio.com\/wp-content\/uploads\/2025\/07\/PACK-DESENGRASANTE.webp\",\"width\":600,\"height\":600},{\"@type\":\"BreadcrumbList\",\"@id\":\"https:\/\/www.kalmabio.com\/es\/producto\/pack-desengrasante-de-natulim\/#breadcrumb\",\"itemListElement\":[{\"@type\":\"ListItem\",\"position\":1,\"name\":\"Inici\",\"item\":\"https:\/\/www.kalmabio.com\/es\/\"},{\"@type\":\"ListItem\",\"position\":2,\"name\":\"Productos\",\"item\":\"https:\/\/www.kalmabio.com\/es\/shop\/\"},{\"@type\":\"ListItem\",\"position\":3,\"name\":\"Pack Desengrasante de Natulim\"}]},{\"@type\":\"WebSite\",\"@id\":\"https:\/\/www.kalmabio.com\/es\/#website\",\"url\":\"https:\/\/www.kalmabio.com\/es\/\",\"name\":\"Kalmabio\",\"description\":\"Tienda online de cosm\u00e9tica natural\",\"publisher\":{\"@id\":\"https:\/\/www.kalmabio.com\/es\/#organization\"},\"potentialAction\":[{\"@type\":\"SearchAction\",\"target\":{\"@type\":\"EntryPoint\",\"urlTemplate\":\"https:\/\/www.kalmabio.com\/es\/?s={search_term_string}\"},\"query-input\":{\"@type\":\"PropertyValueSpecification\",\"valueRequired\":true,\"valueName\":\"search_term_string\"}}],\"inLanguage\":\"es\"},{\"@type\":\"Organization\",\"@id\":\"https:\/\/www.kalmabio.com\/es\/#organization\",\"name\":\"Kalmabio, cosm\u00e9tica natural\",\"url\":\"https:\/\/www.kalmabio.com\/es\/\",\"logo\":{\"@type\":\"ImageObject\",\"inLanguage\":\"es\",\"@id\":\"https:\/\/www.kalmabio.com\/es\/#\/schema\/logo\/image\/\",\"url\":\"https:\/\/www.kalmabio.com\/wp-content\/uploads\/2020\/01\/kalmabio-logo-350x197-1-e1583193086718.png\",\"contentUrl\":\"https:\/\/www.kalmabio.com\/wp-content\/uploads\/2020\/01\/kalmabio-logo-350x197-1-e1583193086718.png\",\"width\":180,\"height\":101,\"caption\":\"Kalmabio, cosm\u00e9tica natural\"},\"image\":{\"@id\":\"https:\/\/www.kalmabio.com\/es\/#\/schema\/logo\/image\/\"}}]}<\/script>\n<!-- \/ Yoast SEO plugin. -->","yoast_head_json":{"title":"Pack Desengrasante de Natulim - Kalmabio","robots":{"index":"index","follow":"follow","max-snippet":"max-snippet:-1","max-image-preview":"max-image-preview:large","max-video-preview":"max-video-preview:-1"},"canonical":"https:\/\/www.kalmabio.com\/es\/producto\/pack-desengrasante-de-natulim\/","og_locale":"es_ES","og_type":"article","og_title":"Pack Desengrasante de Natulim - Kalmabio","og_description":"Desengrasante formato polvo con botella para usos infinitos.","og_url":"https:\/\/www.kalmabio.com\/es\/producto\/pack-desengrasante-de-natulim\/","og_site_name":"Kalmabio","article_modified_time":"2026-01-19T12:17:35+00:00","og_image":[{"width":600,"height":600,"url":"https:\/\/www.kalmabio.com\/wp-content\/uploads\/2025\/07\/PACK-DESENGRASANTE.webp","type":"image\/webp"}],"twitter_card":"summary_large_image","twitter_misc":{"Tiempo de lectura":"2 minutos"},"schema":{"@context":"https:\/\/schema.org","@graph":[{"@type":"WebPage","@id":"https:\/\/www.kalmabio.com\/es\/producto\/pack-desengrasante-de-natulim\/","url":"https:\/\/www.kalmabio.com\/es\/producto\/pack-desengrasante-de-natulim\/","name":"Pack Desengrasante de Natulim - Kalmabio","isPartOf":{"@id":"https:\/\/www.kalmabio.com\/es\/#website"},"primaryImageOfPage":{"@id":"https:\/\/www.kalmabio.com\/es\/producto\/pack-desengrasante-de-natulim\/#primaryimage"},"image":{"@id":"https:\/\/www.kalmabio.com\/es\/producto\/pack-desengrasante-de-natulim\/#primaryimage"},"thumbnailUrl":"https:\/\/www.kalmabio.com\/wp-content\/uploads\/2025\/07\/PACK-DESENGRASANTE.webp","datePublished":"2025-07-24T12:05:27+00:00","dateModified":"2026-01-19T12:17:35+00:00","breadcrumb":{"@id":"https:\/\/www.kalmabio.com\/es\/producto\/pack-desengrasante-de-natulim\/#breadcrumb"},"inLanguage":"es","potentialAction":[{"@type":"ReadAction","target":["https:\/\/www.kalmabio.com\/es\/producto\/pack-desengrasante-de-natulim\/"]}]},{"@type":"ImageObject","inLanguage":"es","@id":"https:\/\/www.kalmabio.com\/es\/producto\/pack-desengrasante-de-natulim\/#primaryimage","url":"https:\/\/www.kalmabio.com\/wp-content\/uploads\/2025\/07\/PACK-DESENGRASANTE.webp","contentUrl":"https:\/\/www.kalmabio.com\/wp-content\/uploads\/2025\/07\/PACK-DESENGRASANTE.webp","width":600,"height":600},{"@type":"BreadcrumbList","@id":"https:\/\/www.kalmabio.com\/es\/producto\/pack-desengrasante-de-natulim\/#breadcrumb","itemListElement":[{"@type":"ListItem","position":1,"name":"Inici","item":"https:\/\/www.kalmabio.com\/es\/"},{"@type":"ListItem","position":2,"name":"Productos","item":"https:\/\/www.kalmabio.com\/es\/shop\/"},{"@type":"ListItem","position":3,"name":"Pack Desengrasante de Natulim"}]},{"@type":"WebSite","@id":"https:\/\/www.kalmabio.com\/es\/#website","url":"https:\/\/www.kalmabio.com\/es\/","name":"Kalmabio","description":"Tienda online de cosm\u00e9tica natural","publisher":{"@id":"https:\/\/www.kalmabio.com\/es\/#organization"},"potentialAction":[{"@type":"SearchAction","target":{"@type":"EntryPoint","urlTemplate":"https:\/\/www.kalmabio.com\/es\/?s={search_term_string}"},"query-input":{"@type":"PropertyValueSpecification","valueRequired":true,"valueName":"search_term_string"}}],"inLanguage":"es"},{"@type":"Organization","@id":"https:\/\/www.kalmabio.com\/es\/#organization","name":"Kalmabio, cosm\u00e9tica natural","url":"https:\/\/www.kalmabio.com\/es\/","logo":{"@type":"ImageObject","inLanguage":"es","@id":"https:\/\/www.kalmabio.com\/es\/#\/schema\/logo\/image\/","url":"https:\/\/www.kalmabio.com\/wp-content\/uploads\/2020\/01\/kalmabio-logo-350x197-1-e1583193086718.png","contentUrl":"https:\/\/www.kalmabio.com\/wp-content\/uploads\/2020\/01\/kalmabio-logo-350x197-1-e1583193086718.png","width":180,"height":101,"caption":"Kalmabio, cosm\u00e9tica natural"},"image":{"@id":"https:\/\/www.kalmabio.com\/es\/#\/schema\/logo\/image\/"}}]}},"brands":[{"id":1277,"name":"NATULIM","slug":"natulim-es"}],"_links":{"self":[{"href":"https:\/\/www.kalmabio.com\/es\/wp-json\/wp\/v2\/product\/2038013","targetHints":{"allow":["GET"]}}],"collection":[{"href":"https:\/\/www.kalmabio.com\/es\/wp-json\/wp\/v2\/product"}],"about":[{"href":"https:\/\/www.kalmabio.com\/es\/wp-json\/wp\/v2\/types\/product"}],"version-history":[{"count":0,"href":"https:\/\/www.kalmabio.com\/es\/wp-json\/wp\/v2\/product\/2038013\/revisions"}],"wp:featuredmedia":[{"embeddable":true,"href":"https:\/\/www.kalmabio.com\/es\/wp-json\/wp\/v2\/media\/2038015"}],"wp:attachment":[{"href":"https:\/\/www.kalmabio.com\/es\/wp-json\/wp\/v2\/media?parent=2038013"}],"wp:term":[{"taxonomy":"pwb-brand","embeddable":true,"href":"https:\/\/www.kalmabio.com\/es\/wp-json\/wp\/v2\/pwb-brand?post=2038013"},{"taxonomy":"product_brand","embeddable":true,"href":"https:\/\/www.kalmabio.com\/es\/wp-json\/wp\/v2\/product_brand?post=2038013"},{"taxonomy":"product_cat","embeddable":true,"href":"https:\/\/www.kalmabio.com\/es\/wp-json\/wp\/v2\/product_cat?post=2038013"},{"taxonomy":"product_tag","embeddable":true,"href":"https:\/\/www.kalmabio.com\/es\/wp-json\/wp\/v2\/product_tag?post=2038013"}],"curies":[{"name":"wp","href":"https:\/\/api.w.org\/{rel}","templated":true}]}}