{"id":2037490,"date":"2025-01-08T19:10:07","date_gmt":"2025-01-08T19:10:07","guid":{"rendered":"https:\/\/www.kalmabio.com\/?post_type=product&#038;p=2037490"},"modified":"2026-02-25T09:03:15","modified_gmt":"2026-02-25T09:03:15","slug":"suplemento-ayurveda-shatavari-de-organic-india","status":"publish","type":"product","link":"https:\/\/www.kalmabio.com\/es\/producto\/suplemento-ayurveda-shatavari-de-organic-india\/","title":{"rendered":"Suplemento Ayurveda Shatavari de Organic India"},"content":{"rendered":"<h4>REGULADOR HORMONAL FEMENINO<\/h4>\n<div class=\"elementor-widget elementor-element elementor-element-fglakri elementor-widget-heading\" data-element_type=\"heading.default\">\n<div class=\"elementor-widget-container\">\n<h4 class=\"elementor-heading-title elementor-size-default\">\u00bfQu\u00e9 es Shatavari?<\/h4>\n<\/div>\n<\/div>\n<div class=\"elementor-widget elementor-element elementor-element-meckfpp elementor-widget-text-editor\" data-element_type=\"text-editor.default\">\n<div class=\"elementor-widget-container\">\n<div class=\"elementor-text-editor elementor-clearfix rte-content\">\n<p><strong>Shatavari<\/strong>\u00a0(Asparagus Racemosus), es una hierba perteneciente a la familia de las asparag\u00e1ceas, que tradicionalmente se ha recomendado a lo largo de la vida de una mujer para apoyar y promover las funciones reproductivas y hormonales. La palabra Shatavari se traduce del s\u00e1nscrito como \u00abaquella que posee cien maridos\u00bb.\u00a0Otros nombres que recibe son esp\u00e1rragos indios, cien ra\u00edces, ra\u00edces de esp\u00e1rragos.<\/p>\n<p>Es una planta com\u00fan en toda la India, Nepal y el Himalaya. Prefiere enraizar en gravilla, suelos rocosos y en alturas de 1.300 a 1.400 metros.<\/p>\n<p>Tiene hojas aciculares, de color verde brillante. Florece en julio con diminutas flores blancas y en septiembre da frutos de color p\u00farpura negruzco en forma de bayas globulares.<\/p>\n<p>Tiene un sistema de ra\u00edces adventicias, con ra\u00edces tuberosas que miden alrededor de 1 metro de longitud y puede tener por cada planta alrededor de un centenar de ellas. En la medicina ayurveda, es justamente esta parte de la planta la que es utilizada por sus propiedades terap\u00e9uticas.<\/p>\n<p><strong>Shatavari<\/strong>\u00a0es la principal planta rejuvenecedora para la mujer, del mismo modo que el Ashwagandha lo es para el hombre, aunque las dos tienen alg\u00fan efecto en ambos sexos.<\/p>\n<h4 class=\"elementor-heading-title elementor-size-default\">\u00bfPor qu\u00e9 tomar Shatavari?<\/h4>\n<p>Shatavari es una hierba ayurv\u00e9dica vital, muy valorada para la salud y el rejuvenecimiento de la mujer. Es refrescante y humectante, devuelve el equilibrio cuando el cuerpo y la mente est\u00e1n agotados. Equilibra las hormonas femeninas, aumenta la fertilidad, alivia el SPM, los trastornos menstruales, menop\u00e1usicos, la libido baja y aumenta la secreci\u00f3n de leche durante la lactancia.<\/p>\n<p>Refresca y alivia trastornos inflamatorios del tracto digestivo. Es buena contra la diarrea cr\u00f3nica y la disenter\u00eda. Ayuda en casos de cistitis, disuelve piedras y arenilla y reduce la retenci\u00f3n de l\u00edquidos.<\/p>\n<p>Gracias a sus propiedades adapt\u00f3genas favorece la inmunidad, el crecimiento y el desarrollo de beb\u00e9s y ni\u00f1os a trav\u00e9s de la lactancia.<\/p>\n<p>Estimula los gl\u00f3bulos blancos ayudando a combatir infecciones y es un buen antif\u00fangico contra la c\u00e1ndida y las aftas, antibacteriano contra un amplio abanico de bacterias, entre ellas la salmonella, la E. Coli y las seudomas, y antiviral contra el herpes.<\/p>\n<p>Protege las c\u00e9lulas productoras de sangre de la m\u00e9dula \u00f3sea y ayuda en la recuperaci\u00f3n tras una exposici\u00f3n a sustancias qu\u00edmicas t\u00f3xicas.<\/p>\n<p><strong>Precauciones<\/strong><\/p>\n<p>Los diab\u00e9ticos deben vigilar los niveles de az\u00facar ya que tiende a reducir los niveles de az\u00facar. Evitar en caso de enfermedad renal cr\u00f3nica.<\/p>\n<p>Consulta a un profesional de salud si est\u00e1s tomando medicamentos recetados especialmente medicamentos de reemplazo hormonal, sufres una afecci\u00f3n m\u00e9dica o tienes programado un procedimiento m\u00e9dico.<\/p>\n<p>En embarazo y lactancia consulta antes a tu m\u00e9dico.<\/p>\n<p><strong>Dosis recomendada<\/strong>: 2 c\u00e1psulas 1 o 2 veces al d\u00eda<\/p>\n<p><strong>Ingredientes por \u00a02 c\u00e1psulas<\/strong>: Shatavari Ra\u00edz\u00a0(Asparagus racemosus) * 800mg<\/p>\n<p>Otros Ingredientes: C\u00e1psulas Veganas (HPMC)<\/p>\n<p>*Ingredientes Certificados Org\u00e1nicos<\/p>\n<p><strong>Presentaci\u00f3n:\u00a0<\/strong>90 c\u00e1psulas<\/p>\n<p><img decoding=\"async\" class=\" ls-is-cached lazyloaded\" src=\"https:\/\/indiaveda.com\/img\/cms\/logos.png\" alt=\"\" data-src=\"https:\/\/indiaveda.com\/img\/cms\/logos.png\" \/><\/p>\n<\/div>\n<\/div>\n<\/div>\n","protected":false},"excerpt":{"rendered":"<p>Suplemento Ayurv\u00e9dico, otorga salud al sistema reproductivo, calma el SPM y los des\u00f3rdenes menstruales, alivia los s\u00edntomas de la menopausia<\/p>\n","protected":false},"featured_media":2037492,"template":"","meta":[],"pwb-brand":[1340],"product_brand":[],"product_cat":[1363],"product_tag":[142,493,1368,1358,178],"class_list":{"0":"post-2037490","1":"product","2":"type-product","3":"status-publish","4":"has-post-thumbnail","6":"pwb-brand-organic-india-es","7":"product_cat-suplementos","8":"product_tag-ayurveda-2","9":"product_tag-organico","10":"product_tag-regulador-hormonal-es","11":"product_tag-suplementos","12":"product_tag-vegano","13":"product_shipping_class-002-es","15":"first","16":"instock","17":"taxable","18":"shipping-taxable","19":"purchasable","20":"product-type-simple"},"yoast_head":"<!-- This site is optimized with the Yoast SEO plugin v24.6 - https:\/\/yoast.com\/wordpress\/plugins\/seo\/ -->\n<title>Suplemento Ayurveda Shatavari de Organic India - Kalmabio<\/title>\n<meta name=\"robots\" content=\"index, follow, max-snippet:-1, max-image-preview:large, max-video-preview:-1\" \/>\n<link rel=\"canonical\" href=\"https:\/\/www.kalmabio.com\/es\/producto\/suplemento-ayurveda-shatavari-de-organic-india\/\" \/>\n<meta property=\"og:locale\" content=\"es_ES\" \/>\n<meta property=\"og:type\" content=\"article\" \/>\n<meta property=\"og:title\" content=\"Suplemento Ayurveda Shatavari de Organic India - Kalmabio\" \/>\n<meta property=\"og:description\" content=\"Suplemento Ayurv\u00e9dico, otorga salud al sistema reproductivo, calma el SPM y los des\u00f3rdenes menstruales, alivia los s\u00edntomas de la menopausia\" \/>\n<meta property=\"og:url\" content=\"https:\/\/www.kalmabio.com\/es\/producto\/suplemento-ayurveda-shatavari-de-organic-india\/\" \/>\n<meta property=\"og:site_name\" content=\"Kalmabio\" \/>\n<meta property=\"article:modified_time\" content=\"2026-02-25T09:03:15+00:00\" \/>\n<meta property=\"og:image\" content=\"https:\/\/www.kalmabio.com\/wp-content\/uploads\/2025\/01\/shatavari-90caps-organic-india.jpg\" \/>\n\t<meta property=\"og:image:width\" content=\"600\" \/>\n\t<meta property=\"og:image:height\" content=\"600\" \/>\n\t<meta property=\"og:image:type\" content=\"image\/jpeg\" \/>\n<meta name=\"twitter:card\" content=\"summary_large_image\" \/>\n<meta name=\"twitter:label1\" content=\"Tiempo de lectura\" \/>\n\t<meta name=\"twitter:data1\" content=\"3 minutos\" \/>\n<script type=\"application\/ld+json\" class=\"yoast-schema-graph\">{\"@context\":\"https:\/\/schema.org\",\"@graph\":[{\"@type\":\"WebPage\",\"@id\":\"https:\/\/www.kalmabio.com\/es\/producto\/suplemento-ayurveda-shatavari-de-organic-india\/\",\"url\":\"https:\/\/www.kalmabio.com\/es\/producto\/suplemento-ayurveda-shatavari-de-organic-india\/\",\"name\":\"Suplemento Ayurveda Shatavari de Organic India - Kalmabio\",\"isPartOf\":{\"@id\":\"https:\/\/www.kalmabio.com\/es\/#website\"},\"primaryImageOfPage\":{\"@id\":\"https:\/\/www.kalmabio.com\/es\/producto\/suplemento-ayurveda-shatavari-de-organic-india\/#primaryimage\"},\"image\":{\"@id\":\"https:\/\/www.kalmabio.com\/es\/producto\/suplemento-ayurveda-shatavari-de-organic-india\/#primaryimage\"},\"thumbnailUrl\":\"https:\/\/www.kalmabio.com\/wp-content\/uploads\/2025\/01\/shatavari-90caps-organic-india.jpg\",\"datePublished\":\"2025-01-08T19:10:07+00:00\",\"dateModified\":\"2026-02-25T09:03:15+00:00\",\"breadcrumb\":{\"@id\":\"https:\/\/www.kalmabio.com\/es\/producto\/suplemento-ayurveda-shatavari-de-organic-india\/#breadcrumb\"},\"inLanguage\":\"es\",\"potentialAction\":[{\"@type\":\"ReadAction\",\"target\":[\"https:\/\/www.kalmabio.com\/es\/producto\/suplemento-ayurveda-shatavari-de-organic-india\/\"]}]},{\"@type\":\"ImageObject\",\"inLanguage\":\"es\",\"@id\":\"https:\/\/www.kalmabio.com\/es\/producto\/suplemento-ayurveda-shatavari-de-organic-india\/#primaryimage\",\"url\":\"https:\/\/www.kalmabio.com\/wp-content\/uploads\/2025\/01\/shatavari-90caps-organic-india.jpg\",\"contentUrl\":\"https:\/\/www.kalmabio.com\/wp-content\/uploads\/2025\/01\/shatavari-90caps-organic-india.jpg\",\"width\":600,\"height\":600,\"caption\":\"CREATOR: gd-jpeg v1.0 (using IJG JPEG v62), quality = 100\"},{\"@type\":\"BreadcrumbList\",\"@id\":\"https:\/\/www.kalmabio.com\/es\/producto\/suplemento-ayurveda-shatavari-de-organic-india\/#breadcrumb\",\"itemListElement\":[{\"@type\":\"ListItem\",\"position\":1,\"name\":\"Inici\",\"item\":\"https:\/\/www.kalmabio.com\/es\/\"},{\"@type\":\"ListItem\",\"position\":2,\"name\":\"Productos\",\"item\":\"https:\/\/www.kalmabio.com\/es\/shop\/\"},{\"@type\":\"ListItem\",\"position\":3,\"name\":\"Suplemento Ayurveda Shatavari de Organic India\"}]},{\"@type\":\"WebSite\",\"@id\":\"https:\/\/www.kalmabio.com\/es\/#website\",\"url\":\"https:\/\/www.kalmabio.com\/es\/\",\"name\":\"Kalmabio\",\"description\":\"Tienda online de cosm\u00e9tica natural\",\"publisher\":{\"@id\":\"https:\/\/www.kalmabio.com\/es\/#organization\"},\"potentialAction\":[{\"@type\":\"SearchAction\",\"target\":{\"@type\":\"EntryPoint\",\"urlTemplate\":\"https:\/\/www.kalmabio.com\/es\/?s={search_term_string}\"},\"query-input\":{\"@type\":\"PropertyValueSpecification\",\"valueRequired\":true,\"valueName\":\"search_term_string\"}}],\"inLanguage\":\"es\"},{\"@type\":\"Organization\",\"@id\":\"https:\/\/www.kalmabio.com\/es\/#organization\",\"name\":\"Kalmabio, cosm\u00e9tica natural\",\"url\":\"https:\/\/www.kalmabio.com\/es\/\",\"logo\":{\"@type\":\"ImageObject\",\"inLanguage\":\"es\",\"@id\":\"https:\/\/www.kalmabio.com\/es\/#\/schema\/logo\/image\/\",\"url\":\"https:\/\/www.kalmabio.com\/wp-content\/uploads\/2020\/01\/kalmabio-logo-350x197-1-e1583193086718.png\",\"contentUrl\":\"https:\/\/www.kalmabio.com\/wp-content\/uploads\/2020\/01\/kalmabio-logo-350x197-1-e1583193086718.png\",\"width\":180,\"height\":101,\"caption\":\"Kalmabio, cosm\u00e9tica natural\"},\"image\":{\"@id\":\"https:\/\/www.kalmabio.com\/es\/#\/schema\/logo\/image\/\"}}]}<\/script>\n<!-- \/ Yoast SEO plugin. -->","yoast_head_json":{"title":"Suplemento Ayurveda Shatavari de Organic India - Kalmabio","robots":{"index":"index","follow":"follow","max-snippet":"max-snippet:-1","max-image-preview":"max-image-preview:large","max-video-preview":"max-video-preview:-1"},"canonical":"https:\/\/www.kalmabio.com\/es\/producto\/suplemento-ayurveda-shatavari-de-organic-india\/","og_locale":"es_ES","og_type":"article","og_title":"Suplemento Ayurveda Shatavari de Organic India - Kalmabio","og_description":"Suplemento Ayurv\u00e9dico, otorga salud al sistema reproductivo, calma el SPM y los des\u00f3rdenes menstruales, alivia los s\u00edntomas de la menopausia","og_url":"https:\/\/www.kalmabio.com\/es\/producto\/suplemento-ayurveda-shatavari-de-organic-india\/","og_site_name":"Kalmabio","article_modified_time":"2026-02-25T09:03:15+00:00","og_image":[{"width":600,"height":600,"url":"https:\/\/www.kalmabio.com\/wp-content\/uploads\/2025\/01\/shatavari-90caps-organic-india.jpg","type":"image\/jpeg"}],"twitter_card":"summary_large_image","twitter_misc":{"Tiempo de lectura":"3 minutos"},"schema":{"@context":"https:\/\/schema.org","@graph":[{"@type":"WebPage","@id":"https:\/\/www.kalmabio.com\/es\/producto\/suplemento-ayurveda-shatavari-de-organic-india\/","url":"https:\/\/www.kalmabio.com\/es\/producto\/suplemento-ayurveda-shatavari-de-organic-india\/","name":"Suplemento Ayurveda Shatavari de Organic India - Kalmabio","isPartOf":{"@id":"https:\/\/www.kalmabio.com\/es\/#website"},"primaryImageOfPage":{"@id":"https:\/\/www.kalmabio.com\/es\/producto\/suplemento-ayurveda-shatavari-de-organic-india\/#primaryimage"},"image":{"@id":"https:\/\/www.kalmabio.com\/es\/producto\/suplemento-ayurveda-shatavari-de-organic-india\/#primaryimage"},"thumbnailUrl":"https:\/\/www.kalmabio.com\/wp-content\/uploads\/2025\/01\/shatavari-90caps-organic-india.jpg","datePublished":"2025-01-08T19:10:07+00:00","dateModified":"2026-02-25T09:03:15+00:00","breadcrumb":{"@id":"https:\/\/www.kalmabio.com\/es\/producto\/suplemento-ayurveda-shatavari-de-organic-india\/#breadcrumb"},"inLanguage":"es","potentialAction":[{"@type":"ReadAction","target":["https:\/\/www.kalmabio.com\/es\/producto\/suplemento-ayurveda-shatavari-de-organic-india\/"]}]},{"@type":"ImageObject","inLanguage":"es","@id":"https:\/\/www.kalmabio.com\/es\/producto\/suplemento-ayurveda-shatavari-de-organic-india\/#primaryimage","url":"https:\/\/www.kalmabio.com\/wp-content\/uploads\/2025\/01\/shatavari-90caps-organic-india.jpg","contentUrl":"https:\/\/www.kalmabio.com\/wp-content\/uploads\/2025\/01\/shatavari-90caps-organic-india.jpg","width":600,"height":600,"caption":"CREATOR: gd-jpeg v1.0 (using IJG JPEG v62), quality = 100"},{"@type":"BreadcrumbList","@id":"https:\/\/www.kalmabio.com\/es\/producto\/suplemento-ayurveda-shatavari-de-organic-india\/#breadcrumb","itemListElement":[{"@type":"ListItem","position":1,"name":"Inici","item":"https:\/\/www.kalmabio.com\/es\/"},{"@type":"ListItem","position":2,"name":"Productos","item":"https:\/\/www.kalmabio.com\/es\/shop\/"},{"@type":"ListItem","position":3,"name":"Suplemento Ayurveda Shatavari de Organic India"}]},{"@type":"WebSite","@id":"https:\/\/www.kalmabio.com\/es\/#website","url":"https:\/\/www.kalmabio.com\/es\/","name":"Kalmabio","description":"Tienda online de cosm\u00e9tica natural","publisher":{"@id":"https:\/\/www.kalmabio.com\/es\/#organization"},"potentialAction":[{"@type":"SearchAction","target":{"@type":"EntryPoint","urlTemplate":"https:\/\/www.kalmabio.com\/es\/?s={search_term_string}"},"query-input":{"@type":"PropertyValueSpecification","valueRequired":true,"valueName":"search_term_string"}}],"inLanguage":"es"},{"@type":"Organization","@id":"https:\/\/www.kalmabio.com\/es\/#organization","name":"Kalmabio, cosm\u00e9tica natural","url":"https:\/\/www.kalmabio.com\/es\/","logo":{"@type":"ImageObject","inLanguage":"es","@id":"https:\/\/www.kalmabio.com\/es\/#\/schema\/logo\/image\/","url":"https:\/\/www.kalmabio.com\/wp-content\/uploads\/2020\/01\/kalmabio-logo-350x197-1-e1583193086718.png","contentUrl":"https:\/\/www.kalmabio.com\/wp-content\/uploads\/2020\/01\/kalmabio-logo-350x197-1-e1583193086718.png","width":180,"height":101,"caption":"Kalmabio, cosm\u00e9tica natural"},"image":{"@id":"https:\/\/www.kalmabio.com\/es\/#\/schema\/logo\/image\/"}}]}},"brands":[{"id":1340,"name":"ORGANIC INDIA","slug":"organic-india-es"}],"_links":{"self":[{"href":"https:\/\/www.kalmabio.com\/es\/wp-json\/wp\/v2\/product\/2037490","targetHints":{"allow":["GET"]}}],"collection":[{"href":"https:\/\/www.kalmabio.com\/es\/wp-json\/wp\/v2\/product"}],"about":[{"href":"https:\/\/www.kalmabio.com\/es\/wp-json\/wp\/v2\/types\/product"}],"version-history":[{"count":1,"href":"https:\/\/www.kalmabio.com\/es\/wp-json\/wp\/v2\/product\/2037490\/revisions"}],"predecessor-version":[{"id":2038771,"href":"https:\/\/www.kalmabio.com\/es\/wp-json\/wp\/v2\/product\/2037490\/revisions\/2038771"}],"wp:featuredmedia":[{"embeddable":true,"href":"https:\/\/www.kalmabio.com\/es\/wp-json\/wp\/v2\/media\/2037492"}],"wp:attachment":[{"href":"https:\/\/www.kalmabio.com\/es\/wp-json\/wp\/v2\/media?parent=2037490"}],"wp:term":[{"taxonomy":"pwb-brand","embeddable":true,"href":"https:\/\/www.kalmabio.com\/es\/wp-json\/wp\/v2\/pwb-brand?post=2037490"},{"taxonomy":"product_brand","embeddable":true,"href":"https:\/\/www.kalmabio.com\/es\/wp-json\/wp\/v2\/product_brand?post=2037490"},{"taxonomy":"product_cat","embeddable":true,"href":"https:\/\/www.kalmabio.com\/es\/wp-json\/wp\/v2\/product_cat?post=2037490"},{"taxonomy":"product_tag","embeddable":true,"href":"https:\/\/www.kalmabio.com\/es\/wp-json\/wp\/v2\/product_tag?post=2037490"}],"curies":[{"name":"wp","href":"https:\/\/api.w.org\/{rel}","templated":true}]}}