{"id":2033992,"date":"2021-08-30T19:18:00","date_gmt":"2021-08-30T19:18:00","guid":{"rendered":"https:\/\/www.kalmabio.com\/?post_type=product&#038;p=2033992"},"modified":"2026-04-04T15:15:44","modified_gmt":"2026-04-04T15:15:44","slug":"jabonera-grande-gris-de-banbu","status":"publish","type":"product","link":"https:\/\/www.kalmabio.com\/es\/producto\/jabonera-grande-gris-de-banbu\/","title":{"rendered":"Jabonera Grande Gris De Banbu"},"content":{"rendered":"<div class=\"summary entry-summary\">\n<div class=\"summary-container\">\n<div class=\"post-content woocommerce-product-details__short-description\">\n<p><strong><i>\u00a1Uno para todos y todos para uno!<\/i><\/strong><\/p>\n<p>Es incre\u00edble la satisfacci\u00f3n de ver tu hogar ordenado, cada cosa en su lugar y disfrutar de esa paz que te regala una decoraci\u00f3n minimalista. La sostenibilidad no tiene por qu\u00e9 renunciar a lo moderno o lo sofisticado.<\/p>\n<p>Cuidar de lo que nos rodea tambi\u00e9n es cuidar de nosotrxs mismxs. Debido a que somos conscientes de ello, hemos querido poder decorar cada rinc\u00f3n con jaboneras minimalistas y elegantes que cuiden de los s\u00f3lidos como se merecen.<\/p>\n<div class=\"summary entry-summary\">\n<div class=\"summary-container\">\n<div class=\"post-content woocommerce-product-details__short-description\">\n<div id=\"target-id611ce40c22a63\" class=\"collapseomatic_content \">\n<p>Lo que m\u00e1s nos gusta de esta jabonera de piedra mineral natural es lo superabsorbente que es, haciendo que tus s\u00f3lidos se aprovechen al m\u00e1ximo. Adem\u00e1s, brinda paz a nuestro ba\u00f1o y, como consecuencia, a nuestras rutinas de autocuidado ecol\u00f3gicas. Cumple todos los requisitos esenciales: respetuoso con el planeta, duradero y bonito.<\/p>\n<p>Para realizar esta jabonera, la piedra mineral natural se convierte en polvo y despu\u00e9s se compacta. Lo mejor de este material es que es totalmente vegano y se aprovecha un recurso natural que no da\u00f1a al medioambiente.<\/p>\n<p>Sabemos que aunque haya suficiente espacio en tu ba\u00f1o, no quieres sobrecargar el ambiente. Por eso, las medidas de esta jabonera son perfectas para almacenar varios jabones sin crear ruido visual.<\/p>\n<p>As\u00ed, conseguimos crear un producto pr\u00e1ctico para ti y para el planeta, a la vez que minimalista y elegante. En BANBU tienen en cuenta su impacto medioambiental, pero tambi\u00e9n son partidarios de crear belleza a nuestro alrededor que aporte paz y felicidad.<\/p>\n<p><strong>Mantenimiento:<\/strong>Es recomendable lavarla con agua y jab\u00f3n neutro cuando creamos necesario. Mucho mejor si es con las manos o con una esponja suave, para no da\u00f1ar el material.<\/p>\n<p><strong>Vida \u00fatil: <\/strong>Toda la vida<\/p>\n<p><strong>Material:\u00a0<\/strong>Jabonera mineral de piedra natural<\/p>\n<p><strong>Presentaci\u00f3n:<\/strong>\u00a0Dimensiones: 28 x 9 x 1,5 cm.<\/p>\n<p><strong>Peso:<\/strong> 390 g<\/p>\n<p><img decoding=\"async\" class=\"alignnone size-full wp-image-2025332 lazyload\" data-src=\"https:\/\/www.kalmabio.com\/wp-content\/uploads\/2020\/03\/vector-vegan-food-icon-c\u00f2pia-1.jpg\" alt=\"\" width=\"124\" height=\"124\" data-srcset=\"https:\/\/www.kalmabio.com\/wp-content\/uploads\/2020\/03\/vector-vegan-food-icon-c\u00f2pia-1.jpg 124w, https:\/\/www.kalmabio.com\/wp-content\/uploads\/2020\/03\/vector-vegan-food-icon-c\u00f2pia-1-100x100.jpg 100w\" data-sizes=\"(max-width: 124px) 100vw, 124px\" src=\"data:image\/gif;base64,R0lGODlhAQABAAAAACH5BAEKAAEALAAAAAABAAEAAAICTAEAOw==\" style=\"--smush-placeholder-width: 124px; --smush-placeholder-aspect-ratio: 124\/124;\" \/> <img decoding=\"async\" class=\"alignnone size-full wp-image-2025322 lazyload\" data-src=\"https:\/\/www.kalmabio.com\/wp-content\/uploads\/2020\/04\/zero-waste-c\u00f2pia-1.jpg\" alt=\"\" width=\"124\" height=\"124\" data-srcset=\"https:\/\/www.kalmabio.com\/wp-content\/uploads\/2020\/04\/zero-waste-c\u00f2pia-1.jpg 124w, https:\/\/www.kalmabio.com\/wp-content\/uploads\/2020\/04\/zero-waste-c\u00f2pia-1-100x100.jpg 100w\" data-sizes=\"(max-width: 124px) 100vw, 124px\" src=\"data:image\/gif;base64,R0lGODlhAQABAAAAACH5BAEKAAEALAAAAAABAAEAAAICTAEAOw==\" style=\"--smush-placeholder-width: 124px; --smush-placeholder-aspect-ratio: 124\/124;\" \/><\/p>\n<\/div>\n<\/div>\n<\/div>\n<\/div>\n<p>&nbsp;<\/p>\n<p id=\"id611ce40c22a63\" class=\"collapseomatic \" title=\"\u00bfC\u00f3mo es?\">\n<\/div>\n<\/div>\n<\/div>\n","protected":false},"excerpt":{"rendered":"<p>Jabonera grande de piedra natural, en color gris y de dise\u00f1o minimalista.<\/p>\n","protected":false},"featured_media":2034019,"template":"","meta":[],"pwb-brand":[1035],"product_brand":[],"product_cat":[78],"product_tag":[811,1064,800],"class_list":{"0":"post-2033992","1":"product","2":"type-product","3":"status-publish","4":"has-post-thumbnail","6":"pwb-brand-banbu","7":"product_cat-complementos","8":"product_tag-jabonera","9":"product_tag-jabonera-de-piedra-natural","10":"product_tag-zero-waste","11":"product_shipping_class-002-es","13":"first","14":"instock","15":"taxable","16":"shipping-taxable","17":"purchasable","18":"product-type-simple"},"yoast_head":"<!-- This site is optimized with the Yoast SEO plugin v24.6 - https:\/\/yoast.com\/wordpress\/plugins\/seo\/ -->\n<title>Jabonera Grande Gris De Banbu - Kalmabio<\/title>\n<meta name=\"robots\" content=\"index, follow, max-snippet:-1, max-image-preview:large, max-video-preview:-1\" \/>\n<link rel=\"canonical\" href=\"https:\/\/www.kalmabio.com\/es\/producto\/jabonera-grande-gris-de-banbu\/\" \/>\n<meta property=\"og:locale\" content=\"es_ES\" \/>\n<meta property=\"og:type\" content=\"article\" \/>\n<meta property=\"og:title\" content=\"Jabonera Grande Gris De Banbu - Kalmabio\" \/>\n<meta property=\"og:description\" content=\"Jabonera grande de piedra natural, en color gris y de dise\u00f1o minimalista.\" \/>\n<meta property=\"og:url\" content=\"https:\/\/www.kalmabio.com\/es\/producto\/jabonera-grande-gris-de-banbu\/\" \/>\n<meta property=\"og:site_name\" content=\"Kalmabio\" \/>\n<meta property=\"article:modified_time\" content=\"2026-04-04T15:15:44+00:00\" \/>\n<meta property=\"og:image\" content=\"https:\/\/www.kalmabio.com\/wp-content\/uploads\/2021\/08\/Jabonera-grande-copia.jpg\" \/>\n\t<meta property=\"og:image:width\" content=\"600\" \/>\n\t<meta property=\"og:image:height\" content=\"600\" \/>\n\t<meta property=\"og:image:type\" content=\"image\/jpeg\" \/>\n<meta name=\"twitter:card\" content=\"summary_large_image\" \/>\n<meta name=\"twitter:label1\" content=\"Tiempo de lectura\" \/>\n\t<meta name=\"twitter:data1\" content=\"2 minutos\" \/>\n<script type=\"application\/ld+json\" class=\"yoast-schema-graph\">{\"@context\":\"https:\/\/schema.org\",\"@graph\":[{\"@type\":\"WebPage\",\"@id\":\"https:\/\/www.kalmabio.com\/es\/producto\/jabonera-grande-gris-de-banbu\/\",\"url\":\"https:\/\/www.kalmabio.com\/es\/producto\/jabonera-grande-gris-de-banbu\/\",\"name\":\"Jabonera Grande Gris De Banbu - Kalmabio\",\"isPartOf\":{\"@id\":\"https:\/\/www.kalmabio.com\/es\/#website\"},\"primaryImageOfPage\":{\"@id\":\"https:\/\/www.kalmabio.com\/es\/producto\/jabonera-grande-gris-de-banbu\/#primaryimage\"},\"image\":{\"@id\":\"https:\/\/www.kalmabio.com\/es\/producto\/jabonera-grande-gris-de-banbu\/#primaryimage\"},\"thumbnailUrl\":\"https:\/\/www.kalmabio.com\/wp-content\/uploads\/2021\/08\/Jabonera-grande-copia.jpg\",\"datePublished\":\"2021-08-30T19:18:00+00:00\",\"dateModified\":\"2026-04-04T15:15:44+00:00\",\"breadcrumb\":{\"@id\":\"https:\/\/www.kalmabio.com\/es\/producto\/jabonera-grande-gris-de-banbu\/#breadcrumb\"},\"inLanguage\":\"es\",\"potentialAction\":[{\"@type\":\"ReadAction\",\"target\":[\"https:\/\/www.kalmabio.com\/es\/producto\/jabonera-grande-gris-de-banbu\/\"]}]},{\"@type\":\"ImageObject\",\"inLanguage\":\"es\",\"@id\":\"https:\/\/www.kalmabio.com\/es\/producto\/jabonera-grande-gris-de-banbu\/#primaryimage\",\"url\":\"https:\/\/www.kalmabio.com\/wp-content\/uploads\/2021\/08\/Jabonera-grande-copia.jpg\",\"contentUrl\":\"https:\/\/www.kalmabio.com\/wp-content\/uploads\/2021\/08\/Jabonera-grande-copia.jpg\",\"width\":600,\"height\":600},{\"@type\":\"BreadcrumbList\",\"@id\":\"https:\/\/www.kalmabio.com\/es\/producto\/jabonera-grande-gris-de-banbu\/#breadcrumb\",\"itemListElement\":[{\"@type\":\"ListItem\",\"position\":1,\"name\":\"Inici\",\"item\":\"https:\/\/www.kalmabio.com\/es\/\"},{\"@type\":\"ListItem\",\"position\":2,\"name\":\"Productos\",\"item\":\"https:\/\/www.kalmabio.com\/es\/shop\/\"},{\"@type\":\"ListItem\",\"position\":3,\"name\":\"Jabonera Grande Gris De Banbu\"}]},{\"@type\":\"WebSite\",\"@id\":\"https:\/\/www.kalmabio.com\/es\/#website\",\"url\":\"https:\/\/www.kalmabio.com\/es\/\",\"name\":\"Kalmabio\",\"description\":\"Tienda online de cosm\u00e9tica natural\",\"publisher\":{\"@id\":\"https:\/\/www.kalmabio.com\/es\/#organization\"},\"potentialAction\":[{\"@type\":\"SearchAction\",\"target\":{\"@type\":\"EntryPoint\",\"urlTemplate\":\"https:\/\/www.kalmabio.com\/es\/?s={search_term_string}\"},\"query-input\":{\"@type\":\"PropertyValueSpecification\",\"valueRequired\":true,\"valueName\":\"search_term_string\"}}],\"inLanguage\":\"es\"},{\"@type\":\"Organization\",\"@id\":\"https:\/\/www.kalmabio.com\/es\/#organization\",\"name\":\"Kalmabio, cosm\u00e9tica natural\",\"url\":\"https:\/\/www.kalmabio.com\/es\/\",\"logo\":{\"@type\":\"ImageObject\",\"inLanguage\":\"es\",\"@id\":\"https:\/\/www.kalmabio.com\/es\/#\/schema\/logo\/image\/\",\"url\":\"https:\/\/www.kalmabio.com\/wp-content\/uploads\/2020\/01\/kalmabio-logo-350x197-1-e1583193086718.png\",\"contentUrl\":\"https:\/\/www.kalmabio.com\/wp-content\/uploads\/2020\/01\/kalmabio-logo-350x197-1-e1583193086718.png\",\"width\":180,\"height\":101,\"caption\":\"Kalmabio, cosm\u00e9tica natural\"},\"image\":{\"@id\":\"https:\/\/www.kalmabio.com\/es\/#\/schema\/logo\/image\/\"}}]}<\/script>\n<!-- \/ Yoast SEO plugin. -->","yoast_head_json":{"title":"Jabonera Grande Gris De Banbu - Kalmabio","robots":{"index":"index","follow":"follow","max-snippet":"max-snippet:-1","max-image-preview":"max-image-preview:large","max-video-preview":"max-video-preview:-1"},"canonical":"https:\/\/www.kalmabio.com\/es\/producto\/jabonera-grande-gris-de-banbu\/","og_locale":"es_ES","og_type":"article","og_title":"Jabonera Grande Gris De Banbu - Kalmabio","og_description":"Jabonera grande de piedra natural, en color gris y de dise\u00f1o minimalista.","og_url":"https:\/\/www.kalmabio.com\/es\/producto\/jabonera-grande-gris-de-banbu\/","og_site_name":"Kalmabio","article_modified_time":"2026-04-04T15:15:44+00:00","og_image":[{"width":600,"height":600,"url":"https:\/\/www.kalmabio.com\/wp-content\/uploads\/2021\/08\/Jabonera-grande-copia.jpg","type":"image\/jpeg"}],"twitter_card":"summary_large_image","twitter_misc":{"Tiempo de lectura":"2 minutos"},"schema":{"@context":"https:\/\/schema.org","@graph":[{"@type":"WebPage","@id":"https:\/\/www.kalmabio.com\/es\/producto\/jabonera-grande-gris-de-banbu\/","url":"https:\/\/www.kalmabio.com\/es\/producto\/jabonera-grande-gris-de-banbu\/","name":"Jabonera Grande Gris De Banbu - Kalmabio","isPartOf":{"@id":"https:\/\/www.kalmabio.com\/es\/#website"},"primaryImageOfPage":{"@id":"https:\/\/www.kalmabio.com\/es\/producto\/jabonera-grande-gris-de-banbu\/#primaryimage"},"image":{"@id":"https:\/\/www.kalmabio.com\/es\/producto\/jabonera-grande-gris-de-banbu\/#primaryimage"},"thumbnailUrl":"https:\/\/www.kalmabio.com\/wp-content\/uploads\/2021\/08\/Jabonera-grande-copia.jpg","datePublished":"2021-08-30T19:18:00+00:00","dateModified":"2026-04-04T15:15:44+00:00","breadcrumb":{"@id":"https:\/\/www.kalmabio.com\/es\/producto\/jabonera-grande-gris-de-banbu\/#breadcrumb"},"inLanguage":"es","potentialAction":[{"@type":"ReadAction","target":["https:\/\/www.kalmabio.com\/es\/producto\/jabonera-grande-gris-de-banbu\/"]}]},{"@type":"ImageObject","inLanguage":"es","@id":"https:\/\/www.kalmabio.com\/es\/producto\/jabonera-grande-gris-de-banbu\/#primaryimage","url":"https:\/\/www.kalmabio.com\/wp-content\/uploads\/2021\/08\/Jabonera-grande-copia.jpg","contentUrl":"https:\/\/www.kalmabio.com\/wp-content\/uploads\/2021\/08\/Jabonera-grande-copia.jpg","width":600,"height":600},{"@type":"BreadcrumbList","@id":"https:\/\/www.kalmabio.com\/es\/producto\/jabonera-grande-gris-de-banbu\/#breadcrumb","itemListElement":[{"@type":"ListItem","position":1,"name":"Inici","item":"https:\/\/www.kalmabio.com\/es\/"},{"@type":"ListItem","position":2,"name":"Productos","item":"https:\/\/www.kalmabio.com\/es\/shop\/"},{"@type":"ListItem","position":3,"name":"Jabonera Grande Gris De Banbu"}]},{"@type":"WebSite","@id":"https:\/\/www.kalmabio.com\/es\/#website","url":"https:\/\/www.kalmabio.com\/es\/","name":"Kalmabio","description":"Tienda online de cosm\u00e9tica natural","publisher":{"@id":"https:\/\/www.kalmabio.com\/es\/#organization"},"potentialAction":[{"@type":"SearchAction","target":{"@type":"EntryPoint","urlTemplate":"https:\/\/www.kalmabio.com\/es\/?s={search_term_string}"},"query-input":{"@type":"PropertyValueSpecification","valueRequired":true,"valueName":"search_term_string"}}],"inLanguage":"es"},{"@type":"Organization","@id":"https:\/\/www.kalmabio.com\/es\/#organization","name":"Kalmabio, cosm\u00e9tica natural","url":"https:\/\/www.kalmabio.com\/es\/","logo":{"@type":"ImageObject","inLanguage":"es","@id":"https:\/\/www.kalmabio.com\/es\/#\/schema\/logo\/image\/","url":"https:\/\/www.kalmabio.com\/wp-content\/uploads\/2020\/01\/kalmabio-logo-350x197-1-e1583193086718.png","contentUrl":"https:\/\/www.kalmabio.com\/wp-content\/uploads\/2020\/01\/kalmabio-logo-350x197-1-e1583193086718.png","width":180,"height":101,"caption":"Kalmabio, cosm\u00e9tica natural"},"image":{"@id":"https:\/\/www.kalmabio.com\/es\/#\/schema\/logo\/image\/"}}]}},"brands":[{"id":1035,"name":"BANBU","slug":"banbu"}],"_links":{"self":[{"href":"https:\/\/www.kalmabio.com\/es\/wp-json\/wp\/v2\/product\/2033992","targetHints":{"allow":["GET"]}}],"collection":[{"href":"https:\/\/www.kalmabio.com\/es\/wp-json\/wp\/v2\/product"}],"about":[{"href":"https:\/\/www.kalmabio.com\/es\/wp-json\/wp\/v2\/types\/product"}],"version-history":[{"count":1,"href":"https:\/\/www.kalmabio.com\/es\/wp-json\/wp\/v2\/product\/2033992\/revisions"}],"predecessor-version":[{"id":2039290,"href":"https:\/\/www.kalmabio.com\/es\/wp-json\/wp\/v2\/product\/2033992\/revisions\/2039290"}],"wp:featuredmedia":[{"embeddable":true,"href":"https:\/\/www.kalmabio.com\/es\/wp-json\/wp\/v2\/media\/2034019"}],"wp:attachment":[{"href":"https:\/\/www.kalmabio.com\/es\/wp-json\/wp\/v2\/media?parent=2033992"}],"wp:term":[{"taxonomy":"pwb-brand","embeddable":true,"href":"https:\/\/www.kalmabio.com\/es\/wp-json\/wp\/v2\/pwb-brand?post=2033992"},{"taxonomy":"product_brand","embeddable":true,"href":"https:\/\/www.kalmabio.com\/es\/wp-json\/wp\/v2\/product_brand?post=2033992"},{"taxonomy":"product_cat","embeddable":true,"href":"https:\/\/www.kalmabio.com\/es\/wp-json\/wp\/v2\/product_cat?post=2033992"},{"taxonomy":"product_tag","embeddable":true,"href":"https:\/\/www.kalmabio.com\/es\/wp-json\/wp\/v2\/product_tag?post=2033992"}],"curies":[{"name":"wp","href":"https:\/\/api.w.org\/{rel}","templated":true}]}}